{"id":273,"date":"2022-12-13T12:53:07","date_gmt":"2022-12-13T11:53:07","guid":{"rendered":"https:\/\/www.antemio.com\/?page_id=273"},"modified":"2023-02-20T09:41:25","modified_gmt":"2023-02-20T08:41:25","slug":"heim","status":"publish","type":"page","link":"https:\/\/www.antemio.com\/de\/","title":{"rendered":"Heim"},"content":{"rendered":"<div class=\"wpb-content-wrapper\"><p>[vc_row][vc_column]\t\t\t<script src=\"\/\/www.antemio.com\/wp-content\/plugins\/revslider\/sr6\/assets\/js\/rbtools.min.js?rev=6.7.29\"><\/script>\n\t\t\t<script src=\"\/\/www.antemio.com\/wp-content\/plugins\/revslider\/sr6\/assets\/js\/rs6.min.js?rev=6.7.29\"><\/script>\n\n\t\t\t<!-- START Slider REVOLUTION SLIDER 6.7.29 --><p class=\"rs-p-wp-fix\"><\/p>\n\t\t\t<rs-module-wrap id=\"rev_slider_1_1_wrapper\" data-source=\"gallery\" style=\"visibility:hidden;background:#eeeeee;padding:0;margin:0px auto;margin-top:0;margin-bottom:0;\">\n\t\t\t\t<rs-module id=\"rev_slider_1_1\" style=\"\" data-version=\"6.7.29\">\n\t\t\t\t\t<rs-slides style=\"overflow: hidden; position: absolute;\">\n\t\t\t\t\t\t<rs-slide style=\"position: absolute;\" data-key=\"rs-1\" data-title=\"1\" data-thumb=\"\/\/www.antemio.com\/wp-content\/uploads\/2022\/12\/T-01-SOKG-100x50.jpg\" data-in=\"o:0;\" data-out=\"a:false;\">\n\t\t\t\t\t\t\t<img decoding=\"async\" src=\"\/\/www.antemio.com\/wp-content\/plugins\/revslider\/sr6\/assets\/assets\/dummy.png\" alt=\"\" title=\"T-01 SOKG\" width=\"1997\" height=\"818\" class=\"rev-slidebg tp-rs-img rs-lazyload\" data-lazyload=\"\/\/www.antemio.com\/wp-content\/uploads\/2022\/12\/T-01-SOKG.jpg\" data-bg=\"p:center top;\" data-no-retina>\n<!---->\t\t\t\t\t<\/rs-slide>\n\t\t\t\t\t\t<rs-slide style=\"position: absolute;\" data-key=\"rs-2\" data-title=\"2\" data-thumb=\"\/\/www.antemio.com\/wp-content\/uploads\/2022\/12\/T-02-SOKG-100x50.jpg\" data-in=\"o:0;\" data-out=\"a:false;\">\n\t\t\t\t\t\t\t<img decoding=\"async\" src=\"\/\/www.antemio.com\/wp-content\/plugins\/revslider\/sr6\/assets\/assets\/dummy.png\" alt=\"\" title=\"T-02 SOKG\" width=\"1998\" height=\"820\" class=\"rev-slidebg tp-rs-img rs-lazyload\" data-lazyload=\"\/\/www.antemio.com\/wp-content\/uploads\/2022\/12\/T-02-SOKG.jpg\" data-no-retina>\n<!---->\t\t\t\t\t<\/rs-slide>\n\t\t\t\t\t\t<rs-slide style=\"position: absolute;\" data-key=\"rs-3\" data-title=\"3\" data-thumb=\"\/\/www.antemio.com\/wp-content\/uploads\/2022\/12\/T-03-KRGR-100x50.jpg\" data-in=\"o:0;\" data-out=\"a:false;\">\n\t\t\t\t\t\t\t<img decoding=\"async\" src=\"\/\/www.antemio.com\/wp-content\/plugins\/revslider\/sr6\/assets\/assets\/dummy.png\" alt=\"\" title=\"T-03 KRGR\" width=\"1998\" height=\"819\" class=\"rev-slidebg tp-rs-img rs-lazyload\" data-lazyload=\"\/\/www.antemio.com\/wp-content\/uploads\/2022\/12\/T-03-KRGR.jpg\" data-no-retina>\n<!---->\t\t\t\t\t<\/rs-slide>\n\t\t\t\t\t\t<rs-slide style=\"position: absolute;\" data-key=\"rs-4\" data-title=\"4\" data-thumb=\"\/\/www.antemio.com\/wp-content\/uploads\/2022\/12\/T-04-TECE-100x50.jpg\" data-in=\"o:0;\" data-out=\"a:false;\">\n\t\t\t\t\t\t\t<img decoding=\"async\" src=\"\/\/www.antemio.com\/wp-content\/plugins\/revslider\/sr6\/assets\/assets\/dummy.png\" alt=\"\" title=\"T-04 TECE\" width=\"1997\" height=\"817\" class=\"rev-slidebg tp-rs-img rs-lazyload\" data-lazyload=\"\/\/www.antemio.com\/wp-content\/uploads\/2022\/12\/T-04-TECE.jpg\" data-no-retina>\n<!---->\t\t\t\t\t<\/rs-slide>\n\t\t\t\t\t\t<rs-slide style=\"position: absolute;\" data-key=\"rs-5\" data-title=\"5\" data-thumb=\"\/\/www.antemio.com\/wp-content\/uploads\/2022\/12\/T-05-HSP2-100x50.jpg\" data-in=\"o:0;\" data-out=\"a:false;\">\n\t\t\t\t\t\t\t<img decoding=\"async\" src=\"\/\/www.antemio.com\/wp-content\/plugins\/revslider\/sr6\/assets\/assets\/dummy.png\" alt=\"\" title=\"T-05 HSP2\" width=\"1999\" height=\"815\" class=\"rev-slidebg tp-rs-img rs-lazyload\" data-lazyload=\"\/\/www.antemio.com\/wp-content\/uploads\/2022\/12\/T-05-HSP2.jpg\" data-no-retina>\n<!---->\t\t\t\t\t<\/rs-slide>\n\t\t\t\t\t<\/rs-slides>\n\t\t\t\t<\/rs-module>\n\t\t\t\t<script>\n\t\t\t\t\tsetREVStartSize({c: 'rev_slider_1_1',rl:[1240,1024,778,480],el:[800,650,650,300],gw:[1140,1024,778,480],gh:[800,650,650,300],type:'standard',justify:'',layout:'fullwidth',mh:\"700\"});if (window.RS_MODULES!==undefined && window.RS_MODULES.modules!==undefined && window.RS_MODULES.modules[\"revslider11\"]!==undefined) {window.RS_MODULES.modules[\"revslider11\"].once = false;window.revapi1 = undefined;if (window.RS_MODULES.checkMinimal!==undefined) window.RS_MODULES.checkMinimal()}\n\t\t\t\t<\/script>\n\t\t\t<\/rs-module-wrap>\n\t\t\t<!-- END REVOLUTION SLIDER -->\n[\/vc_column][\/vc_row]<\/p>\n<\/div>","protected":false},"excerpt":{"rendered":"<p>[vc_row][vc_column][\/vc_column][\/vc_row]<\/p>\n","protected":false},"author":2,"featured_media":0,"parent":0,"menu_order":0,"comment_status":"closed","ping_status":"closed","template":"","meta":{"_acf_changed":false,"footnotes":""},"class_list":["post-273","page","type-page","status-publish","hentry"],"acf":[],"yoast_head":"<!-- This site is optimized with the Yoast SEO plugin v24.6 - https:\/\/yoast.com\/wordpress\/plugins\/seo\/ -->\n<title>Heim - Antemio Architektura<\/title>\n<meta name=\"description\" content=\"Pracownia architektoniczna dzia\u0142aj\u0105ca w Krakowie od 2010r specjalizuj\u0105ca si\u0119 w projektowaniu architektonicznym i wielobran\u017cowym.\" \/>\n<meta name=\"robots\" content=\"index, follow, max-snippet:-1, max-image-preview:large, max-video-preview:-1\" \/>\n<link rel=\"canonical\" href=\"https:\/\/www.antemio.com\/de\/\" \/>\n<meta property=\"og:locale\" content=\"de_DE\" \/>\n<meta property=\"og:type\" content=\"article\" \/>\n<meta property=\"og:title\" content=\"Heim - Antemio Architektura\" \/>\n<meta property=\"og:description\" content=\"Pracownia architektoniczna dzia\u0142aj\u0105ca w Krakowie od 2010r specjalizuj\u0105ca si\u0119 w projektowaniu architektonicznym i wielobran\u017cowym.\" \/>\n<meta property=\"og:url\" content=\"https:\/\/www.antemio.com\/de\/\" \/>\n<meta property=\"og:site_name\" content=\"Antemio Architektura\" \/>\n<meta property=\"article:modified_time\" content=\"2023-02-20T08:41:25+00:00\" \/>\n<meta name=\"twitter:card\" content=\"summary_large_image\" \/>\n<script type=\"application\/ld+json\" class=\"yoast-schema-graph\">{\"@context\":\"https:\/\/schema.org\",\"@graph\":[{\"@type\":\"WebPage\",\"@id\":\"https:\/\/www.antemio.com\/de\/\",\"url\":\"https:\/\/www.antemio.com\/de\/\",\"name\":\"Heim - Antemio Architektura\",\"isPartOf\":{\"@id\":\"https:\/\/www.antemio.com\/de\/#website\"},\"datePublished\":\"2022-12-13T11:53:07+00:00\",\"dateModified\":\"2023-02-20T08:41:25+00:00\",\"description\":\"Pracownia architektoniczna dzia\u0142aj\u0105ca w Krakowie od 2010r specjalizuj\u0105ca si\u0119 w projektowaniu architektonicznym i wielobran\u017cowym.\",\"breadcrumb\":{\"@id\":\"https:\/\/www.antemio.com\/de\/#breadcrumb\"},\"inLanguage\":\"de\",\"potentialAction\":[{\"@type\":\"ReadAction\",\"target\":[\"https:\/\/www.antemio.com\/de\/\"]}]},{\"@type\":\"BreadcrumbList\",\"@id\":\"https:\/\/www.antemio.com\/de\/#breadcrumb\",\"itemListElement\":[{\"@type\":\"ListItem\",\"position\":1,\"name\":\"Strona g\u0142\u00f3wna\",\"item\":\"https:\/\/www.antemio.com\/de\/heim\/\"},{\"@type\":\"ListItem\",\"position\":2,\"name\":\"Heim\"}]},{\"@type\":\"WebSite\",\"@id\":\"https:\/\/www.antemio.com\/de\/#website\",\"url\":\"https:\/\/www.antemio.com\/de\/\",\"name\":\"Antemio Architektura\",\"description\":\"\",\"publisher\":{\"@id\":\"https:\/\/www.antemio.com\/de\/#organization\"},\"potentialAction\":[{\"@type\":\"SearchAction\",\"target\":{\"@type\":\"EntryPoint\",\"urlTemplate\":\"https:\/\/www.antemio.com\/de\/?s={search_term_string}\"},\"query-input\":{\"@type\":\"PropertyValueSpecification\",\"valueRequired\":true,\"valueName\":\"search_term_string\"}}],\"inLanguage\":\"de\"},{\"@type\":\"Organization\",\"@id\":\"https:\/\/www.antemio.com\/de\/#organization\",\"name\":\"Antemio Architektura\",\"url\":\"https:\/\/www.antemio.com\/de\/\",\"logo\":{\"@type\":\"ImageObject\",\"inLanguage\":\"de\",\"@id\":\"https:\/\/www.antemio.com\/de\/#\/schema\/logo\/image\/\",\"url\":\"https:\/\/www.antemio.com\/wp-content\/uploads\/2022\/12\/logo-antemio.png\",\"contentUrl\":\"https:\/\/www.antemio.com\/wp-content\/uploads\/2022\/12\/logo-antemio.png\",\"width\":329,\"height\":88,\"caption\":\"Antemio Architektura\"},\"image\":{\"@id\":\"https:\/\/www.antemio.com\/de\/#\/schema\/logo\/image\/\"}}]}<\/script>\n<!-- \/ Yoast SEO plugin. -->","yoast_head_json":{"title":"Heim - Antemio Architektura","description":"Pracownia architektoniczna dzia\u0142aj\u0105ca w Krakowie od 2010r specjalizuj\u0105ca si\u0119 w projektowaniu architektonicznym i wielobran\u017cowym.","robots":{"index":"index","follow":"follow","max-snippet":"max-snippet:-1","max-image-preview":"max-image-preview:large","max-video-preview":"max-video-preview:-1"},"canonical":"https:\/\/www.antemio.com\/de\/","og_locale":"de_DE","og_type":"article","og_title":"Heim - Antemio Architektura","og_description":"Pracownia architektoniczna dzia\u0142aj\u0105ca w Krakowie od 2010r specjalizuj\u0105ca si\u0119 w projektowaniu architektonicznym i wielobran\u017cowym.","og_url":"https:\/\/www.antemio.com\/de\/","og_site_name":"Antemio Architektura","article_modified_time":"2023-02-20T08:41:25+00:00","twitter_card":"summary_large_image","schema":{"@context":"https:\/\/schema.org","@graph":[{"@type":"WebPage","@id":"https:\/\/www.antemio.com\/de\/","url":"https:\/\/www.antemio.com\/de\/","name":"Heim - Antemio Architektura","isPartOf":{"@id":"https:\/\/www.antemio.com\/de\/#website"},"datePublished":"2022-12-13T11:53:07+00:00","dateModified":"2023-02-20T08:41:25+00:00","description":"Pracownia architektoniczna dzia\u0142aj\u0105ca w Krakowie od 2010r specjalizuj\u0105ca si\u0119 w projektowaniu architektonicznym i wielobran\u017cowym.","breadcrumb":{"@id":"https:\/\/www.antemio.com\/de\/#breadcrumb"},"inLanguage":"de","potentialAction":[{"@type":"ReadAction","target":["https:\/\/www.antemio.com\/de\/"]}]},{"@type":"BreadcrumbList","@id":"https:\/\/www.antemio.com\/de\/#breadcrumb","itemListElement":[{"@type":"ListItem","position":1,"name":"Strona g\u0142\u00f3wna","item":"https:\/\/www.antemio.com\/de\/heim\/"},{"@type":"ListItem","position":2,"name":"Heim"}]},{"@type":"WebSite","@id":"https:\/\/www.antemio.com\/de\/#website","url":"https:\/\/www.antemio.com\/de\/","name":"Antemio Architektura","description":"","publisher":{"@id":"https:\/\/www.antemio.com\/de\/#organization"},"potentialAction":[{"@type":"SearchAction","target":{"@type":"EntryPoint","urlTemplate":"https:\/\/www.antemio.com\/de\/?s={search_term_string}"},"query-input":{"@type":"PropertyValueSpecification","valueRequired":true,"valueName":"search_term_string"}}],"inLanguage":"de"},{"@type":"Organization","@id":"https:\/\/www.antemio.com\/de\/#organization","name":"Antemio Architektura","url":"https:\/\/www.antemio.com\/de\/","logo":{"@type":"ImageObject","inLanguage":"de","@id":"https:\/\/www.antemio.com\/de\/#\/schema\/logo\/image\/","url":"https:\/\/www.antemio.com\/wp-content\/uploads\/2022\/12\/logo-antemio.png","contentUrl":"https:\/\/www.antemio.com\/wp-content\/uploads\/2022\/12\/logo-antemio.png","width":329,"height":88,"caption":"Antemio Architektura"},"image":{"@id":"https:\/\/www.antemio.com\/de\/#\/schema\/logo\/image\/"}}]}},"_links":{"self":[{"href":"https:\/\/www.antemio.com\/de\/wp-json\/wp\/v2\/pages\/273","targetHints":{"allow":["GET"]}}],"collection":[{"href":"https:\/\/www.antemio.com\/de\/wp-json\/wp\/v2\/pages"}],"about":[{"href":"https:\/\/www.antemio.com\/de\/wp-json\/wp\/v2\/types\/page"}],"author":[{"embeddable":true,"href":"https:\/\/www.antemio.com\/de\/wp-json\/wp\/v2\/users\/2"}],"replies":[{"embeddable":true,"href":"https:\/\/www.antemio.com\/de\/wp-json\/wp\/v2\/comments?post=273"}],"version-history":[{"count":2,"href":"https:\/\/www.antemio.com\/de\/wp-json\/wp\/v2\/pages\/273\/revisions"}],"predecessor-version":[{"id":275,"href":"https:\/\/www.antemio.com\/de\/wp-json\/wp\/v2\/pages\/273\/revisions\/275"}],"wp:attachment":[{"href":"https:\/\/www.antemio.com\/de\/wp-json\/wp\/v2\/media?parent=273"}],"curies":[{"name":"wp","href":"https:\/\/api.w.org\/{rel}","templated":true}]}}