{"id":261,"date":"2022-12-13T12:53:59","date_gmt":"2022-12-13T11:53:59","guid":{"rendered":"https:\/\/www.antemio.com\/?page_id=261"},"modified":"2025-09-23T12:43:58","modified_gmt":"2025-09-23T10:43:58","slug":"kontakt","status":"publish","type":"page","link":"https:\/\/www.antemio.com\/de\/kontakt\/","title":{"rendered":"Kontakt"},"content":{"rendered":"<div class=\"wpb-content-wrapper\"><p>[vc_row css=&#8220;.vc_custom_1526305349843{padding-top: 25px !important;padding-bottom: 50px !important;}&#8220;][vc_column width=&#8220;1\/2&#8243; reveal_effect=&#8220;fadeIn&#8220; reveal_duration=&#8220;1&#8243; reveal_delay=&#8220;0.3&#8243;][vc_column_text css=&#8220;.vc_custom_1671182260881{margin-bottom: 15px !important;}&#8220; el_class=&#8220;page-title-size&#8220;]<\/p>\n<h1>Kontakt<\/h1>\n<p>[\/vc_column_text][\/vc_column][vc_column width=&#8220;1\/2&#8243;][vc_column_text css=&#8220;.vc_custom_1678270987312{margin-bottom: 0px !important;}&#8220;]Kontaktformular nutzen oder direkter Kontakt[\/vc_column_text][\/vc_column][\/vc_row][vc_row no_bottom_margin=&#8220;yes&#8220; css=&#8220;.vc_custom_1525080562201{margin-bottom: 0px !important;padding-bottom: 0px !important;}&#8220;][vc_column reveal_effect=&#8220;fadeIn&#8220; reveal_duration=&#8220;0.1&#8243; reveal_delay=&#8220;0.1&#8243; css=&#8220;.vc_custom_1427991938000{margin-bottom: 0px !important;padding-bottom: 0px !important;}&#8220;][vc_gmaps link=&#8220;#E-8_JTNDaWZyYW1lJTIwc3JjJTNEJTIyaHR0cHMlM0ElMkYlMkZ3d3cuZ29vZ2xlLmNvbSUyRm1hcHMlMkZlbWJlZCUzRnBiJTNEJTIxMW0xNCUyMTFtOCUyMTFtMyUyMTFkMTAyNDMuMjIxNjE1OTMyODUzJTIxMmQxOS44OTg2NDI3JTIxM2Q1MC4wNzEyMDU5JTIxM20yJTIxMWkxMDI0JTIxMmk3NjglMjE0ZjEzLjElMjEzbTMlMjExbTIlMjExczB4MCUyNTNBMHg2MjIyOGU0ZDBmMTI5OWU0JTIxMnNBbnRlbWlvJTI1MjBTcC4lMjUyMHolMjUyMG8uby4lMjE1ZTAlMjEzbTIlMjExc3BsJTIxMnNwbCUyMTR2MTY3MTQzMjQyNzA1MiUyMTVtMiUyMTFzcGwlMjEyc3BsJTIyJTIwd2lkdGglM0QlMjI2MDAlMjIlMjBoZWlnaHQlM0QlMjI0NTAlMjIlMjBzdHlsZSUzRCUyMmJvcmRlciUzQTAlM0IlMjIlMjBhbGxvd2Z1bGxzY3JlZW4lM0QlMjIlMjIlMjBsb2FkaW5nJTNEJTIybGF6eSUyMiUyMHJlZmVycmVycG9saWN5JTNEJTIybm8tcmVmZXJyZXItd2hlbi1kb3duZ3JhZGUlMjIlM0UlM0MlMkZpZnJhbWUlM0U=&#8220;][\/vc_column][\/vc_row][vc_row el_class=&#8220;contact-row&#8220;][vc_column width=&#8220;1\/2&#8243; reveal_effect=&#8220;fadeIn&#8220; reveal_duration=&#8220;1&#8243; reveal_delay=&#8220;0.3&#8243;][vc_column_text css=&#8220;.vc_custom_1728969824851{margin-bottom: 0px !important;}&#8220;]<strong>Antemio Architektura Sp. z o.o.<\/strong><br \/>\n<a href=\"https:\/\/maps.app.goo.gl\/8x9tWkMHgMoFCZCN6\">ul. W\u0142odzimierza Tetmajera 45A<\/a><br \/>\n<a href=\"https:\/\/maps.app.goo.gl\/8x9tWkMHgMoFCZCN6\">31-352 Krak\u00f3w<\/a><br \/>\n<a href=\"https:\/\/maps.app.goo.gl\/8x9tWkMHgMoFCZCN6\">Polen<\/a><\/p>\n<p>E-mail: <a href=\"mailto:sekretariat@antemio.com\">sekretariat@antemio.com<\/a><br \/>\nTelefon: +48 12 358 90 40[\/vc_column_text][\/vc_column][vc_column width=&#8220;1\/2&#8243;][vc_column_text css=&#8220;.vc_custom_1728969892058{margin-bottom: 0px !important;}&#8220;]KRS: 0000941526<br \/>\nNIP: 6772396366<br \/>\nREGON: 363244169<\/p>\n<p><span class=\"HwtZe\" lang=\"de\"><span class=\"jCAhz ChMk0b\"><span class=\"ryNqvb\">Bankkonto<\/span><\/span><\/span>: BNP Paribas Bank Polska S.A.<br \/>\n41 1750 0012 0000 0000 3209 6956[\/vc_column_text][\/vc_column][\/vc_row][vc_row no_bottom_margin=&#8220;yes&#8220; css=&#8220;.vc_custom_1728969858190{padding-top: 80px !important;}&#8220;][vc_column reveal_effect=&#8220;fadeIn&#8220; reveal_duration=&#8220;0.8&#8243; reveal_delay=&#8220;0.6&#8243;][vc_column_text css=&#8220;.vc_custom_1728969848315{margin-bottom: 32px !important;}&#8220;]<\/p>\n<h2 style=\"text-align: center;\">Kontaktformular<\/h2>\n<p>[\/vc_column_text][lab_contact_form name_title=&#8220;Name&#8220; email_title=&#8220;E-Mail Adresse&#8220; message_title=&#8220;Nachricht&#8220; show_subject_field=&#8220;&#8220; submit_title=&#8220;Nachricht senden&#8220; submit_success=&#8220;Vielen Dank #, Ihre Nachricht wurde gesendet&#8220; alert_errors=&#8220;yes&#8220; email_receiver=&#8220;sekretariat@antemio.com&#8220;][\/vc_column][\/vc_row]<\/p>\n<\/div>","protected":false},"excerpt":{"rendered":"<p>[vc_row css=&#8220;.vc_custom_1526305349843{padding-top: 25px !important;padding-bottom: 50px !important;}&#8220;][vc_column width=&#8220;1\/2&#8243; reveal_effect=&#8220;fadeIn&#8220; reveal_duration=&#8220;1&#8243; reveal_delay=&#8220;0.3&#8243;][vc_column_text css=&#8220;.vc_custom_1671182260881{margin-bottom: 15px !important;}&#8220; el_class=&#8220;page-title-size&#8220;] Kontakt [\/vc_column_text][\/vc_column][vc_column width=&#8220;1\/2&#8243;][vc_column_text css=&#8220;.vc_custom_1678270987312{margin-bottom: 0px !important;}&#8220;]Kontaktformular nutzen oder direkter Kontakt[\/vc_column_text][\/vc_column][\/vc_row][vc_row no_bottom_margin=&#8220;yes&#8220; css=&#8220;.vc_custom_1525080562201{margin-bottom: 0px !important;padding-bottom: 0px !important;}&#8220;][vc_column reveal_effect=&#8220;fadeIn&#8220; reveal_duration=&#8220;0.1&#8243; reveal_delay=&#8220;0.1&#8243; css=&#8220;.vc_custom_1427991938000{margin-bottom: 0px !important;padding-bottom: 0px !important;}&#8220;][vc_gmaps link=&#8220;#E-8_JTNDaWZyYW1lJTIwc3JjJTNEJTIyaHR0cHMlM0ElMkYlMkZ3d3cuZ29vZ2xlLmNvbSUyRm1hcHMlMkZlbWJlZCUzRnBiJTNEJTIxMW0xNCUyMTFtOCUyMTFtMyUyMTFkMTAyNDMuMjIxNjE1OTMyODUzJTIxMmQxOS44OTg2NDI3JTIxM2Q1MC4wNzEyMDU5JTIxM20yJTIxMWkxMDI0JTIxMmk3NjglMjE0ZjEzLjElMjEzbTMlMjExbTIlMjExczB4MCUyNTNBMHg2MjIyOGU0ZDBmMTI5OWU0JTIxMnNBbnRlbWlvJTI1MjBTcC4lMjUyMHolMjUyMG8uby4lMjE1ZTAlMjEzbTIlMjExc3BsJTIxMnNwbCUyMTR2MTY3MTQzMjQyNzA1MiUyMTVtMiUyMTFzcGwlMjEyc3BsJTIyJTIwd2lkdGglM0QlMjI2MDAlMjIlMjBoZWlnaHQlM0QlMjI0NTAlMjIlMjBzdHlsZSUzRCUyMmJvcmRlciUzQTAlM0IlMjIlMjBhbGxvd2Z1bGxzY3JlZW4lM0QlMjIlMjIlMjBsb2FkaW5nJTNEJTIybGF6eSUyMiUyMHJlZmVycmVycG9saWN5JTNEJTIybm8tcmVmZXJyZXItd2hlbi1kb3duZ3JhZGUlMjIlM0UlM0MlMkZpZnJhbWUlM0U=&#8220;][\/vc_column][\/vc_row][vc_row el_class=&#8220;contact-row&#8220;][vc_column width=&#8220;1\/2&#8243; reveal_effect=&#8220;fadeIn&#8220; reveal_duration=&#8220;1&#8243; reveal_delay=&#8220;0.3&#8243;][vc_column_text css=&#8220;.vc_custom_1728969824851{margin-bottom: 0px !important;}&#8220;]Antemio Architektura Sp. z o.o. ul. W\u0142odzimierza Tetmajera 45A&hellip;<\/p>\n","protected":false},"author":2,"featured_media":0,"parent":0,"menu_order":0,"comment_status":"closed","ping_status":"closed","template":"","meta":{"_acf_changed":false,"footnotes":""},"class_list":["post-261","page","type-page","status-publish","hentry"],"acf":[],"yoast_head":"<!-- This site is optimized with the Yoast SEO plugin v24.6 - https:\/\/yoast.com\/wordpress\/plugins\/seo\/ -->\n<title>Kontakt - Antemio Architektura<\/title>\n<meta name=\"description\" content=\"Pracownia architektoniczna dzia\u0142aj\u0105ca w Krakowie od 2010r specjalizuj\u0105ca si\u0119 w projektowaniu architektonicznym i wielobran\u017cowym.\" \/>\n<meta name=\"robots\" content=\"index, follow, max-snippet:-1, max-image-preview:large, max-video-preview:-1\" \/>\n<link rel=\"canonical\" href=\"https:\/\/www.antemio.com\/de\/kontakt\/\" \/>\n<meta property=\"og:locale\" content=\"de_DE\" \/>\n<meta property=\"og:type\" content=\"article\" \/>\n<meta property=\"og:title\" content=\"Kontakt - Antemio Architektura\" \/>\n<meta property=\"og:description\" content=\"Pracownia architektoniczna dzia\u0142aj\u0105ca w Krakowie od 2010r specjalizuj\u0105ca si\u0119 w projektowaniu architektonicznym i wielobran\u017cowym.\" \/>\n<meta property=\"og:url\" content=\"https:\/\/www.antemio.com\/de\/kontakt\/\" \/>\n<meta property=\"og:site_name\" content=\"Antemio Architektura\" \/>\n<meta property=\"article:modified_time\" content=\"2025-09-23T10:43:58+00:00\" \/>\n<meta name=\"twitter:card\" content=\"summary_large_image\" \/>\n<meta name=\"twitter:label1\" content=\"Gesch\u00e4tzte Lesezeit\" \/>\n\t<meta name=\"twitter:data1\" content=\"1\u00a0Minute\" \/>\n<script type=\"application\/ld+json\" class=\"yoast-schema-graph\">{\"@context\":\"https:\/\/schema.org\",\"@graph\":[{\"@type\":\"WebPage\",\"@id\":\"https:\/\/www.antemio.com\/de\/kontakt\/\",\"url\":\"https:\/\/www.antemio.com\/de\/kontakt\/\",\"name\":\"Kontakt - Antemio Architektura\",\"isPartOf\":{\"@id\":\"https:\/\/www.antemio.com\/de\/#website\"},\"datePublished\":\"2022-12-13T11:53:59+00:00\",\"dateModified\":\"2025-09-23T10:43:58+00:00\",\"description\":\"Pracownia architektoniczna dzia\u0142aj\u0105ca w Krakowie od 2010r specjalizuj\u0105ca si\u0119 w projektowaniu architektonicznym i wielobran\u017cowym.\",\"breadcrumb\":{\"@id\":\"https:\/\/www.antemio.com\/de\/kontakt\/#breadcrumb\"},\"inLanguage\":\"de\",\"potentialAction\":[{\"@type\":\"ReadAction\",\"target\":[\"https:\/\/www.antemio.com\/de\/kontakt\/\"]}]},{\"@type\":\"BreadcrumbList\",\"@id\":\"https:\/\/www.antemio.com\/de\/kontakt\/#breadcrumb\",\"itemListElement\":[{\"@type\":\"ListItem\",\"position\":1,\"name\":\"Strona g\u0142\u00f3wna\",\"item\":\"https:\/\/www.antemio.com\/de\/heim\/\"},{\"@type\":\"ListItem\",\"position\":2,\"name\":\"Kontakt\"}]},{\"@type\":\"WebSite\",\"@id\":\"https:\/\/www.antemio.com\/de\/#website\",\"url\":\"https:\/\/www.antemio.com\/de\/\",\"name\":\"Antemio Architektura\",\"description\":\"\",\"publisher\":{\"@id\":\"https:\/\/www.antemio.com\/de\/#organization\"},\"potentialAction\":[{\"@type\":\"SearchAction\",\"target\":{\"@type\":\"EntryPoint\",\"urlTemplate\":\"https:\/\/www.antemio.com\/de\/?s={search_term_string}\"},\"query-input\":{\"@type\":\"PropertyValueSpecification\",\"valueRequired\":true,\"valueName\":\"search_term_string\"}}],\"inLanguage\":\"de\"},{\"@type\":\"Organization\",\"@id\":\"https:\/\/www.antemio.com\/de\/#organization\",\"name\":\"Antemio Architektura\",\"url\":\"https:\/\/www.antemio.com\/de\/\",\"logo\":{\"@type\":\"ImageObject\",\"inLanguage\":\"de\",\"@id\":\"https:\/\/www.antemio.com\/de\/#\/schema\/logo\/image\/\",\"url\":\"https:\/\/www.antemio.com\/wp-content\/uploads\/2022\/12\/logo-antemio.png\",\"contentUrl\":\"https:\/\/www.antemio.com\/wp-content\/uploads\/2022\/12\/logo-antemio.png\",\"width\":329,\"height\":88,\"caption\":\"Antemio Architektura\"},\"image\":{\"@id\":\"https:\/\/www.antemio.com\/de\/#\/schema\/logo\/image\/\"}}]}<\/script>\n<!-- \/ Yoast SEO plugin. -->","yoast_head_json":{"title":"Kontakt - Antemio Architektura","description":"Pracownia architektoniczna dzia\u0142aj\u0105ca w Krakowie od 2010r specjalizuj\u0105ca si\u0119 w projektowaniu architektonicznym i wielobran\u017cowym.","robots":{"index":"index","follow":"follow","max-snippet":"max-snippet:-1","max-image-preview":"max-image-preview:large","max-video-preview":"max-video-preview:-1"},"canonical":"https:\/\/www.antemio.com\/de\/kontakt\/","og_locale":"de_DE","og_type":"article","og_title":"Kontakt - Antemio Architektura","og_description":"Pracownia architektoniczna dzia\u0142aj\u0105ca w Krakowie od 2010r specjalizuj\u0105ca si\u0119 w projektowaniu architektonicznym i wielobran\u017cowym.","og_url":"https:\/\/www.antemio.com\/de\/kontakt\/","og_site_name":"Antemio Architektura","article_modified_time":"2025-09-23T10:43:58+00:00","twitter_card":"summary_large_image","twitter_misc":{"Gesch\u00e4tzte Lesezeit":"1\u00a0Minute"},"schema":{"@context":"https:\/\/schema.org","@graph":[{"@type":"WebPage","@id":"https:\/\/www.antemio.com\/de\/kontakt\/","url":"https:\/\/www.antemio.com\/de\/kontakt\/","name":"Kontakt - Antemio Architektura","isPartOf":{"@id":"https:\/\/www.antemio.com\/de\/#website"},"datePublished":"2022-12-13T11:53:59+00:00","dateModified":"2025-09-23T10:43:58+00:00","description":"Pracownia architektoniczna dzia\u0142aj\u0105ca w Krakowie od 2010r specjalizuj\u0105ca si\u0119 w projektowaniu architektonicznym i wielobran\u017cowym.","breadcrumb":{"@id":"https:\/\/www.antemio.com\/de\/kontakt\/#breadcrumb"},"inLanguage":"de","potentialAction":[{"@type":"ReadAction","target":["https:\/\/www.antemio.com\/de\/kontakt\/"]}]},{"@type":"BreadcrumbList","@id":"https:\/\/www.antemio.com\/de\/kontakt\/#breadcrumb","itemListElement":[{"@type":"ListItem","position":1,"name":"Strona g\u0142\u00f3wna","item":"https:\/\/www.antemio.com\/de\/heim\/"},{"@type":"ListItem","position":2,"name":"Kontakt"}]},{"@type":"WebSite","@id":"https:\/\/www.antemio.com\/de\/#website","url":"https:\/\/www.antemio.com\/de\/","name":"Antemio Architektura","description":"","publisher":{"@id":"https:\/\/www.antemio.com\/de\/#organization"},"potentialAction":[{"@type":"SearchAction","target":{"@type":"EntryPoint","urlTemplate":"https:\/\/www.antemio.com\/de\/?s={search_term_string}"},"query-input":{"@type":"PropertyValueSpecification","valueRequired":true,"valueName":"search_term_string"}}],"inLanguage":"de"},{"@type":"Organization","@id":"https:\/\/www.antemio.com\/de\/#organization","name":"Antemio Architektura","url":"https:\/\/www.antemio.com\/de\/","logo":{"@type":"ImageObject","inLanguage":"de","@id":"https:\/\/www.antemio.com\/de\/#\/schema\/logo\/image\/","url":"https:\/\/www.antemio.com\/wp-content\/uploads\/2022\/12\/logo-antemio.png","contentUrl":"https:\/\/www.antemio.com\/wp-content\/uploads\/2022\/12\/logo-antemio.png","width":329,"height":88,"caption":"Antemio Architektura"},"image":{"@id":"https:\/\/www.antemio.com\/de\/#\/schema\/logo\/image\/"}}]}},"_links":{"self":[{"href":"https:\/\/www.antemio.com\/de\/wp-json\/wp\/v2\/pages\/261","targetHints":{"allow":["GET"]}}],"collection":[{"href":"https:\/\/www.antemio.com\/de\/wp-json\/wp\/v2\/pages"}],"about":[{"href":"https:\/\/www.antemio.com\/de\/wp-json\/wp\/v2\/types\/page"}],"author":[{"embeddable":true,"href":"https:\/\/www.antemio.com\/de\/wp-json\/wp\/v2\/users\/2"}],"replies":[{"embeddable":true,"href":"https:\/\/www.antemio.com\/de\/wp-json\/wp\/v2\/comments?post=261"}],"version-history":[{"count":4,"href":"https:\/\/www.antemio.com\/de\/wp-json\/wp\/v2\/pages\/261\/revisions"}],"predecessor-version":[{"id":458,"href":"https:\/\/www.antemio.com\/de\/wp-json\/wp\/v2\/pages\/261\/revisions\/458"}],"wp:attachment":[{"href":"https:\/\/www.antemio.com\/de\/wp-json\/wp\/v2\/media?parent=261"}],"curies":[{"name":"wp","href":"https:\/\/api.w.org\/{rel}","templated":true}]}}